{"id":423,"date":"2012-10-07T10:23:54","date_gmt":"2012-10-07T08:23:54","guid":{"rendered":"http:\/\/aaronkonsult.com\/?page_id=423"},"modified":"2020-10-12T13:12:36","modified_gmt":"2020-10-12T10:12:36","slug":"our-previous-work","status":"publish","type":"page","link":"https:\/\/aaronkonsult.com\/en\/our-previous-work\/","title":{"rendered":"Our previous work"},"content":{"rendered":"<style>.wp-block-kadence-advancedgallery .kb-gallery-type-grid.kb-gallery-id-_9fb0b0-28{margin:-5px;}.kb-gallery-type-grid.kb-gallery-id-_9fb0b0-28 .kadence-blocks-gallery-item{padding:5px;}.kb-gallery-id-_9fb0b0-28 .kadence-blocks-gallery-item .kb-gal-image-radius, .kb-gallery-id-_9fb0b0-28 .kb-slide-item .kb-gal-image-radius img{border-radius:0px 0px 0px 0px;;}.kb-gallery-id-_9fb0b0-28 .kadence-blocks-gallery-item .kadence-blocks-gallery-item-inner .kadence-blocks-gallery-item__caption{color:var(--global-palette9, #ffffff);}.kb-gallery-caption-style-bottom.kb-gallery-id-_9fb0b0-28 .kadence-blocks-gallery-item .kadence-blocks-gallery-item-inner .kadence-blocks-gallery-item__caption, .kb-gallery-caption-style-bottom-hover.kb-gallery-id-_9fb0b0-28 .kadence-blocks-gallery-item .kadence-blocks-gallery-item-inner .kadence-blocks-gallery-item__caption{background:linear-gradient(0deg, rgba(0, 0, 0, 0.6) 0, rgba(0, 0, 0, 0) 100%);}<\/style><div class=\"kb-gallery-wrap-id-_9fb0b0-28 alignnone wp-block-kadence-advancedgallery\"><ul class=\"kb-gallery-ul kb-gallery-non-static kb-gallery-type-grid kb-gallery-id-_9fb0b0-28 kb-gallery-caption-style-bottom kb-gallery-filter-none kb-gallery-magnific-init\" data-image-filter=\"none\" data-item-selector=\".kadence-blocks-gallery-item\" data-lightbox-caption=\"true\" data-columns-xxl=\"2\" data-columns-xl=\"2\" data-columns-md=\"2\" data-columns-sm=\"2\" data-columns-xs=\"1\" data-columns-ss=\"1\"><li class=\"kadence-blocks-gallery-item\"><div class=\"kadence-blocks-gallery-item-inner\"><figure class=\"kb-gallery-figure kb-gallery-item-has-link kadence-blocks-gallery-item-has-caption\"><a href=\"https:\/\/aaronkonsult.com\/wp-content\/uploads\/2020\/10\/referntsid-0201a.jpg\" data-description=\"Eksklusiivne korter milj\u00f6\u00f6alal\" data-alt=\"Eksklusiivne korter milj\u00f6\u00f6alal\" class=\"kb-gallery-item-link\"   role=\"button\" aria-haspopup=\"dialog\"><div class=\"kb-gal-image-radius\"><div class=\"kb-gallery-image-contain kadence-blocks-gallery-intrinsic kb-gallery-image-ratio-land43 kb-has-image-ratio-land43\" ><img loading=\"lazy\" decoding=\"async\" src=\"https:\/\/aaronkonsult.com\/wp-content\/uploads\/2020\/10\/referntsid-0201a-768x523.jpg\" width=\"768\" height=\"523\" alt=\"Eksklusiivne korter milj\u00f6\u00f6alal\" data-full-image=\"https:\/\/aaronkonsult.com\/wp-content\/uploads\/2020\/10\/referntsid-0201a.jpg\" data-light-image=\"https:\/\/aaronkonsult.com\/wp-content\/uploads\/2020\/10\/referntsid-0201a.jpg\" data-id=\"761\" class=\"wp-image-761\" srcset=\"https:\/\/aaronkonsult.com\/wp-content\/uploads\/2020\/10\/referntsid-0201a-768x523.jpg 768w, https:\/\/aaronkonsult.com\/wp-content\/uploads\/2020\/10\/referntsid-0201a-300x204.jpg 300w, https:\/\/aaronkonsult.com\/wp-content\/uploads\/2020\/10\/referntsid-0201a.jpg 1024w\" sizes=\"(max-width: 768px) 100vw, 768px\" \/><\/div><div class=\"kadence-blocks-gallery-item__caption\">Eksklusiivne korter milj\u00f6\u00f6alal<\/div><\/div><\/a><\/figure><\/div><\/li><li class=\"kadence-blocks-gallery-item\"><div class=\"kadence-blocks-gallery-item-inner\"><figure class=\"kb-gallery-figure kb-gallery-item-has-link kadence-blocks-gallery-item-has-caption\"><a href=\"https:\/\/aaronkonsult.com\/wp-content\/uploads\/2012\/09\/DSCN5066.jpg\" data-description=\"Eramu ehitus milj\u00f6\u00f6alal\" data-alt=\"Eramu ehitus milj\u00f6\u00f6alal\" class=\"kb-gallery-item-link\"   role=\"button\" aria-haspopup=\"dialog\"><div class=\"kb-gal-image-radius\"><div class=\"kb-gallery-image-contain kadence-blocks-gallery-intrinsic kb-gallery-image-ratio-land43 kb-has-image-ratio-land43\" ><img loading=\"lazy\" decoding=\"async\" src=\"https:\/\/aaronkonsult.com\/wp-content\/uploads\/2012\/09\/DSCN5066.jpg\" width=\"1024\" height=\"768\" alt=\"Eramu ehitus milj\u00f6\u00f6alal\" data-full-image=\"https:\/\/aaronkonsult.com\/wp-content\/uploads\/2012\/09\/DSCN5066.jpg\" data-light-image=\"https:\/\/aaronkonsult.com\/wp-content\/uploads\/2012\/09\/DSCN5066.jpg\" data-id=\"545\" class=\"wp-image-545\" srcset=\"https:\/\/aaronkonsult.com\/wp-content\/uploads\/2012\/09\/DSCN5066.jpg 1024w, https:\/\/aaronkonsult.com\/wp-content\/uploads\/2012\/09\/DSCN5066-300x225.jpg 300w\" sizes=\"(max-width: 1024px) 100vw, 1024px\" \/><\/div><div class=\"kadence-blocks-gallery-item__caption\"><br>Eramu ehitus milj\u00f6\u00f6alal<\/div><\/div><\/a><\/figure><\/div><\/li><li class=\"kadence-blocks-gallery-item\"><div class=\"kadence-blocks-gallery-item-inner\"><figure class=\"kb-gallery-figure kb-gallery-item-has-link kadence-blocks-gallery-item-has-caption\"><a href=\"https:\/\/aaronkonsult.com\/wp-content\/uploads\/2012\/09\/referntsid-011.jpg\" data-description=\"Kredexi toetusel renoveeritud katuse ja v\u00e4lispiirtega korterelamu\" data-alt=\"Kredexi toetusel renoveeritud katuse ja v\u00e4lispiirtega korterelamu\" class=\"kb-gallery-item-link\"   role=\"button\" aria-haspopup=\"dialog\"><div class=\"kb-gal-image-radius\"><div class=\"kb-gallery-image-contain kadence-blocks-gallery-intrinsic kb-gallery-image-ratio-land43 kb-has-image-ratio-land43\" ><img loading=\"lazy\" decoding=\"async\" src=\"https:\/\/aaronkonsult.com\/wp-content\/uploads\/2012\/09\/referntsid-011.jpg\" width=\"3240\" height=\"2228\" alt=\"Kredexi toetusel renoveeritud katuse ja v\u00e4lispiirtega korterelamu\" data-full-image=\"https:\/\/aaronkonsult.com\/wp-content\/uploads\/2012\/09\/referntsid-011.jpg\" data-light-image=\"https:\/\/aaronkonsult.com\/wp-content\/uploads\/2012\/09\/referntsid-011.jpg\" data-id=\"511\" class=\"wp-image-511\" srcset=\"https:\/\/aaronkonsult.com\/wp-content\/uploads\/2012\/09\/referntsid-011.jpg 3240w, https:\/\/aaronkonsult.com\/wp-content\/uploads\/2012\/09\/referntsid-011-300x206.jpg 300w, https:\/\/aaronkonsult.com\/wp-content\/uploads\/2012\/09\/referntsid-011-1024x704.jpg 1024w\" sizes=\"(max-width: 3240px) 100vw, 3240px\" \/><\/div><div class=\"kadence-blocks-gallery-item__caption\">Kredexi toetusel renoveeritud katuse ja v\u00e4lispiirtega korterelamu<\/div><\/div><\/a><\/figure><\/div><\/li><li class=\"kadence-blocks-gallery-item\"><div class=\"kadence-blocks-gallery-item-inner\"><figure class=\"kb-gallery-figure kb-gallery-item-has-link kadence-blocks-gallery-item-has-caption\"><a href=\"https:\/\/aaronkonsult.com\/wp-content\/uploads\/2020\/10\/referntsid-014a.jpg\" data-description=\"Kredexi toetusel soojustatud korterelamu\" data-alt=\"Kredexi toetusel soojustatud korterelamu\" class=\"kb-gallery-item-link\"   role=\"button\" aria-haspopup=\"dialog\"><div class=\"kb-gal-image-radius\"><div class=\"kb-gallery-image-contain kadence-blocks-gallery-intrinsic kb-gallery-image-ratio-land43 kb-has-image-ratio-land43\" ><img loading=\"lazy\" decoding=\"async\" src=\"https:\/\/aaronkonsult.com\/wp-content\/uploads\/2020\/10\/referntsid-014a-768x506.jpg\" width=\"768\" height=\"506\" alt=\"Kredexi toetusel soojustatud korterelamu\" data-full-image=\"https:\/\/aaronkonsult.com\/wp-content\/uploads\/2020\/10\/referntsid-014a.jpg\" data-light-image=\"https:\/\/aaronkonsult.com\/wp-content\/uploads\/2020\/10\/referntsid-014a.jpg\" data-id=\"751\" class=\"wp-image-751\" srcset=\"https:\/\/aaronkonsult.com\/wp-content\/uploads\/2020\/10\/referntsid-014a-768x506.jpg 768w, https:\/\/aaronkonsult.com\/wp-content\/uploads\/2020\/10\/referntsid-014a-300x198.jpg 300w, https:\/\/aaronkonsult.com\/wp-content\/uploads\/2020\/10\/referntsid-014a.jpg 1024w\" sizes=\"(max-width: 768px) 100vw, 768px\" \/><\/div><div class=\"kadence-blocks-gallery-item__caption\">Kredexi toetusel soojustatud korterelamu<\/div><\/div><\/a><\/figure><\/div><\/li><li class=\"kadence-blocks-gallery-item\"><div class=\"kadence-blocks-gallery-item-inner\"><figure class=\"kb-gallery-figure kb-gallery-item-has-link kadence-blocks-gallery-item-has-caption\"><a href=\"https:\/\/aaronkonsult.com\/wp-content\/uploads\/2020\/10\/meremetsa-vundament.jpg\" data-description=\"Eramu vundamendi ehituse omanikuj\u00e4relevalve\" data-alt=\"Eramu vundamendi ehituse omanikuj\u00e4relevalve\" class=\"kb-gallery-item-link\"   role=\"button\" aria-haspopup=\"dialog\"><div class=\"kb-gal-image-radius\"><div class=\"kb-gallery-image-contain kadence-blocks-gallery-intrinsic kb-gallery-image-ratio-land43 kb-has-image-ratio-land43\" ><img loading=\"lazy\" decoding=\"async\" src=\"https:\/\/aaronkonsult.com\/wp-content\/uploads\/2020\/10\/meremetsa-vundament-768x431.jpg\" width=\"768\" height=\"431\" alt=\"Eramu vundamendi ehituse omanikuj\u00e4relevalve\" data-full-image=\"https:\/\/aaronkonsult.com\/wp-content\/uploads\/2020\/10\/meremetsa-vundament.jpg\" data-light-image=\"https:\/\/aaronkonsult.com\/wp-content\/uploads\/2020\/10\/meremetsa-vundament.jpg\" data-id=\"753\" class=\"wp-image-753\" srcset=\"https:\/\/aaronkonsult.com\/wp-content\/uploads\/2020\/10\/meremetsa-vundament-768x431.jpg 768w, https:\/\/aaronkonsult.com\/wp-content\/uploads\/2020\/10\/meremetsa-vundament-300x168.jpg 300w, https:\/\/aaronkonsult.com\/wp-content\/uploads\/2020\/10\/meremetsa-vundament.jpg 1024w\" sizes=\"(max-width: 768px) 100vw, 768px\" \/><\/div><div class=\"kadence-blocks-gallery-item__caption\">Eramu vundamendi ehituse omanikuj\u00e4relevalve<\/div><\/div><\/a><\/figure><\/div><\/li><li class=\"kadence-blocks-gallery-item\"><div class=\"kadence-blocks-gallery-item-inner\"><figure class=\"kb-gallery-figure kb-gallery-item-has-link kadence-blocks-gallery-item-has-caption\"><a href=\"https:\/\/aaronkonsult.com\/wp-content\/uploads\/2020\/10\/referntsid-022a.jpg\" data-description=\"K\u00f5rvalhoone ehitus milj\u00f6\u00f6alal\" data-alt=\"K\u00f5rvalhoone ehitus milj\u00f6\u00f6alal\" class=\"kb-gallery-item-link\"   role=\"button\" aria-haspopup=\"dialog\"><div class=\"kb-gal-image-radius\"><div class=\"kb-gallery-image-contain kadence-blocks-gallery-intrinsic kb-gallery-image-ratio-land43 kb-has-image-ratio-land43\" ><img loading=\"lazy\" decoding=\"async\" src=\"https:\/\/aaronkonsult.com\/wp-content\/uploads\/2020\/10\/referntsid-022a-768x576.jpg\" width=\"768\" height=\"576\" alt=\"K\u00f5rvalhoone ehitus milj\u00f6\u00f6alal\" data-full-image=\"https:\/\/aaronkonsult.com\/wp-content\/uploads\/2020\/10\/referntsid-022a.jpg\" data-light-image=\"https:\/\/aaronkonsult.com\/wp-content\/uploads\/2020\/10\/referntsid-022a.jpg\" data-id=\"755\" class=\"wp-image-755\" srcset=\"https:\/\/aaronkonsult.com\/wp-content\/uploads\/2020\/10\/referntsid-022a-768x576.jpg 768w, https:\/\/aaronkonsult.com\/wp-content\/uploads\/2020\/10\/referntsid-022a-300x225.jpg 300w, https:\/\/aaronkonsult.com\/wp-content\/uploads\/2020\/10\/referntsid-022a.jpg 1024w\" sizes=\"(max-width: 768px) 100vw, 768px\" \/><\/div><div class=\"kadence-blocks-gallery-item__caption\">K\u00f5rvalhoone ehitus milj\u00f6\u00f6alal<\/div><\/div><\/a><\/figure><\/div><\/li><li class=\"kadence-blocks-gallery-item\"><div class=\"kadence-blocks-gallery-item-inner\"><figure class=\"kb-gallery-figure kb-gallery-item-has-link kadence-blocks-gallery-item-has-caption\"><a href=\"https:\/\/aaronkonsult.com\/wp-content\/uploads\/2020\/10\/referntsid-0171a.jpg\" data-description=\"Kredexi toetusel soojustatud kortermaja\" data-alt=\"Kredexi toetusel soojustatud kortermaja\" class=\"kb-gallery-item-link\"   role=\"button\" aria-haspopup=\"dialog\"><div class=\"kb-gal-image-radius\"><div class=\"kb-gallery-image-contain kadence-blocks-gallery-intrinsic kb-gallery-image-ratio-land43 kb-has-image-ratio-land43\" ><img loading=\"lazy\" decoding=\"async\" src=\"https:\/\/aaronkonsult.com\/wp-content\/uploads\/2020\/10\/referntsid-0171a-768x524.jpg\" width=\"768\" height=\"524\" alt=\"Kredexi toetusel soojustatud kortermaja\" data-full-image=\"https:\/\/aaronkonsult.com\/wp-content\/uploads\/2020\/10\/referntsid-0171a.jpg\" data-light-image=\"https:\/\/aaronkonsult.com\/wp-content\/uploads\/2020\/10\/referntsid-0171a.jpg\" data-id=\"757\" class=\"wp-image-757\" srcset=\"https:\/\/aaronkonsult.com\/wp-content\/uploads\/2020\/10\/referntsid-0171a-768x524.jpg 768w, https:\/\/aaronkonsult.com\/wp-content\/uploads\/2020\/10\/referntsid-0171a-300x204.jpg 300w, https:\/\/aaronkonsult.com\/wp-content\/uploads\/2020\/10\/referntsid-0171a.jpg 1024w\" sizes=\"(max-width: 768px) 100vw, 768px\" \/><\/div><div class=\"kadence-blocks-gallery-item__caption\">Kredexi toetusel soojustatud kortermaja<\/div><\/div><\/a><\/figure><\/div><\/li><li class=\"kadence-blocks-gallery-item\"><div class=\"kadence-blocks-gallery-item-inner\"><figure class=\"kb-gallery-figure kb-gallery-item-has-link kadence-blocks-gallery-item-has-caption\"><a href=\"https:\/\/aaronkonsult.com\/wp-content\/uploads\/2012\/09\/DSCN50731.jpg\" data-description=\"P\u00e4rnu skatepark\" data-alt=\"P\u00e4rnu skatepark\" class=\"kb-gallery-item-link\"   role=\"button\" aria-haspopup=\"dialog\"><div class=\"kb-gal-image-radius\"><div class=\"kb-gallery-image-contain kadence-blocks-gallery-intrinsic kb-gallery-image-ratio-land43 kb-has-image-ratio-land43\" ><img loading=\"lazy\" decoding=\"async\" src=\"https:\/\/aaronkonsult.com\/wp-content\/uploads\/2012\/09\/DSCN50731.jpg\" width=\"1024\" height=\"768\" alt=\"P\u00e4rnu skatepark\" data-full-image=\"https:\/\/aaronkonsult.com\/wp-content\/uploads\/2012\/09\/DSCN50731.jpg\" data-light-image=\"https:\/\/aaronkonsult.com\/wp-content\/uploads\/2012\/09\/DSCN50731.jpg\" data-id=\"576\" class=\"wp-image-576\" srcset=\"https:\/\/aaronkonsult.com\/wp-content\/uploads\/2012\/09\/DSCN50731.jpg 1024w, https:\/\/aaronkonsult.com\/wp-content\/uploads\/2012\/09\/DSCN50731-300x225.jpg 300w\" sizes=\"(max-width: 1024px) 100vw, 1024px\" \/><\/div><div class=\"kadence-blocks-gallery-item__caption\">P\u00e4rnu skatepark<\/div><\/div><\/a><\/figure><\/div><\/li><li class=\"kadence-blocks-gallery-item\"><div class=\"kadence-blocks-gallery-item-inner\"><figure class=\"kb-gallery-figure kb-gallery-item-has-link kadence-blocks-gallery-item-has-caption\"><a href=\"https:\/\/aaronkonsult.com\/wp-content\/uploads\/2012\/09\/DSCN5052.jpg\" data-description=\"Soojustatud ja uuendatud k\u00fcttes\u00fcsteemiga korterelamu\" data-alt=\"Soojustatud ja uuendatud k\u00fcttes\u00fcsteemiga korterelamu\" class=\"kb-gallery-item-link\"   role=\"button\" aria-haspopup=\"dialog\"><div class=\"kb-gal-image-radius\"><div class=\"kb-gallery-image-contain kadence-blocks-gallery-intrinsic kb-gallery-image-ratio-land43 kb-has-image-ratio-land43\" ><img loading=\"lazy\" decoding=\"async\" src=\"https:\/\/aaronkonsult.com\/wp-content\/uploads\/2012\/09\/DSCN5052.jpg\" width=\"1024\" height=\"768\" alt=\"Soojustatud ja uuendatud k\u00fcttes\u00fcsteemiga korterelamu\" data-full-image=\"https:\/\/aaronkonsult.com\/wp-content\/uploads\/2012\/09\/DSCN5052.jpg\" data-light-image=\"https:\/\/aaronkonsult.com\/wp-content\/uploads\/2012\/09\/DSCN5052.jpg\" data-id=\"548\" class=\"wp-image-548\" srcset=\"https:\/\/aaronkonsult.com\/wp-content\/uploads\/2012\/09\/DSCN5052.jpg 1024w, https:\/\/aaronkonsult.com\/wp-content\/uploads\/2012\/09\/DSCN5052-300x225.jpg 300w\" sizes=\"(max-width: 1024px) 100vw, 1024px\" \/><\/div><div class=\"kadence-blocks-gallery-item__caption\">Soojustatud ja uuendatud k\u00fcttes\u00fcsteemiga korterelamu<\/div><\/div><\/a><\/figure><\/div><\/li><li class=\"kadence-blocks-gallery-item\"><div class=\"kadence-blocks-gallery-item-inner\"><figure class=\"kb-gallery-figure kb-gallery-item-has-link kadence-blocks-gallery-item-has-caption\"><a href=\"https:\/\/aaronkonsult.com\/wp-content\/uploads\/2020\/10\/nikolai.jpg\" data-description=\"Nikolai 18 \u2013 paremini rekonstrueeritud korterelamu auhind P\u00e4rnus 2015\" data-alt=\"Nikolai 18 \u2013 paremini rekonstrueeritud korterelamu auhind P\u00e4rnus 2015\" class=\"kb-gallery-item-link\"   role=\"button\" aria-haspopup=\"dialog\"><div class=\"kb-gal-image-radius\"><div class=\"kb-gallery-image-contain kadence-blocks-gallery-intrinsic kb-gallery-image-ratio-land43 kb-has-image-ratio-land43\" ><img loading=\"lazy\" decoding=\"async\" src=\"https:\/\/aaronkonsult.com\/wp-content\/uploads\/2020\/10\/nikolai-768x1024.jpg\" width=\"768\" height=\"1024\" alt=\"Nikolai 18 \u2013 paremini rekonstrueeritud korterelamu auhind P\u00e4rnus 2015\" data-full-image=\"https:\/\/aaronkonsult.com\/wp-content\/uploads\/2020\/10\/nikolai.jpg\" data-light-image=\"https:\/\/aaronkonsult.com\/wp-content\/uploads\/2020\/10\/nikolai.jpg\" data-id=\"759\" class=\"wp-image-759\" srcset=\"https:\/\/aaronkonsult.com\/wp-content\/uploads\/2020\/10\/nikolai-768x1024.jpg 768w, https:\/\/aaronkonsult.com\/wp-content\/uploads\/2020\/10\/nikolai-225x300.jpg 225w, https:\/\/aaronkonsult.com\/wp-content\/uploads\/2020\/10\/nikolai.jpg 800w\" sizes=\"(max-width: 768px) 100vw, 768px\" \/><\/div><div class=\"kadence-blocks-gallery-item__caption\">Nikolai 18 \u2013 paremini rekonstrueeritud korterelamu auhind P\u00e4rnus 2015<\/div><\/div><\/a><\/figure><\/div><\/li><li class=\"kadence-blocks-gallery-item\"><div class=\"kadence-blocks-gallery-item-inner\"><figure class=\"kb-gallery-figure kb-gallery-item-has-link kadence-blocks-gallery-item-has-caption\"><a href=\"https:\/\/aaronkonsult.com\/wp-content\/uploads\/2012\/09\/DSCN45532.jpg\" data-description=\"Taali pritsimaja muinsuskaitseline j\u00e4relevalve\" data-alt=\"Taali pritsimaja muinsuskaitseline j\u00e4relevalve\" class=\"kb-gallery-item-link\"   role=\"button\" aria-haspopup=\"dialog\"><div class=\"kb-gal-image-radius\"><div class=\"kb-gallery-image-contain kadence-blocks-gallery-intrinsic kb-gallery-image-ratio-land43 kb-has-image-ratio-land43\" ><img loading=\"lazy\" decoding=\"async\" src=\"https:\/\/aaronkonsult.com\/wp-content\/uploads\/2012\/09\/DSCN45532.jpg\" width=\"1024\" height=\"768\" alt=\"Taali pritsimaja muinsuskaitseline j\u00e4relevalve\" data-full-image=\"https:\/\/aaronkonsult.com\/wp-content\/uploads\/2012\/09\/DSCN45532.jpg\" data-light-image=\"https:\/\/aaronkonsult.com\/wp-content\/uploads\/2012\/09\/DSCN45532.jpg\" data-id=\"578\" class=\"wp-image-578\" srcset=\"https:\/\/aaronkonsult.com\/wp-content\/uploads\/2012\/09\/DSCN45532.jpg 1024w, https:\/\/aaronkonsult.com\/wp-content\/uploads\/2012\/09\/DSCN45532-300x225.jpg 300w\" sizes=\"(max-width: 1024px) 100vw, 1024px\" \/><\/div><div class=\"kadence-blocks-gallery-item__caption\">Taali pritsimaja muinsuskaitseline j\u00e4relevalve<\/div><\/div><\/a><\/figure><\/div><\/li><li class=\"kadence-blocks-gallery-item\"><div class=\"kadence-blocks-gallery-item-inner\"><figure class=\"kb-gallery-figure kb-gallery-item-has-link kadence-blocks-gallery-item-has-caption\"><a href=\"https:\/\/aaronkonsult.com\/wp-content\/uploads\/2012\/09\/DSCN45592.jpg\" data-description=\"Taali pritsimaja muinsuskaitseline j\u00e4relevalve\" data-alt=\"Taali pritsimaja muinsuskaitseline j\u00e4relevalve\" class=\"kb-gallery-item-link\"   role=\"button\" aria-haspopup=\"dialog\"><div class=\"kb-gal-image-radius\"><div class=\"kb-gallery-image-contain kadence-blocks-gallery-intrinsic kb-gallery-image-ratio-land43 kb-has-image-ratio-land43\" ><img loading=\"lazy\" decoding=\"async\" src=\"https:\/\/aaronkonsult.com\/wp-content\/uploads\/2012\/09\/DSCN45592.jpg\" width=\"1024\" height=\"768\" alt=\"Taali pritsimaja muinsuskaitseline j\u00e4relevalve\" data-full-image=\"https:\/\/aaronkonsult.com\/wp-content\/uploads\/2012\/09\/DSCN45592.jpg\" data-light-image=\"https:\/\/aaronkonsult.com\/wp-content\/uploads\/2012\/09\/DSCN45592.jpg\" data-id=\"585\" class=\"wp-image-585\" srcset=\"https:\/\/aaronkonsult.com\/wp-content\/uploads\/2012\/09\/DSCN45592.jpg 1024w, https:\/\/aaronkonsult.com\/wp-content\/uploads\/2012\/09\/DSCN45592-300x225.jpg 300w\" sizes=\"(max-width: 1024px) 100vw, 1024px\" \/><\/div><div class=\"kadence-blocks-gallery-item__caption\">Taali pritsimaja muinsuskaitseline j\u00e4relevalve<\/div><\/div><\/a><\/figure><\/div><\/li><li class=\"kadence-blocks-gallery-item\"><div class=\"kadence-blocks-gallery-item-inner\"><figure class=\"kb-gallery-figure kb-gallery-item-has-link kadence-blocks-gallery-item-has-caption\"><a href=\"https:\/\/aaronkonsult.com\/wp-content\/uploads\/2012\/09\/DSCN5069.jpg\" data-description=\"Kanali 2c korterelamu\" data-alt=\"Kanali 2c korterelamu\" class=\"kb-gallery-item-link\"   role=\"button\" aria-haspopup=\"dialog\"><div class=\"kb-gal-image-radius\"><div class=\"kb-gallery-image-contain kadence-blocks-gallery-intrinsic kb-gallery-image-ratio-land43 kb-has-image-ratio-land43\" ><img loading=\"lazy\" decoding=\"async\" src=\"https:\/\/aaronkonsult.com\/wp-content\/uploads\/2012\/09\/DSCN5069.jpg\" width=\"1024\" height=\"768\" alt=\"Kanali 2c korterelamu\" data-full-image=\"https:\/\/aaronkonsult.com\/wp-content\/uploads\/2012\/09\/DSCN5069.jpg\" data-light-image=\"https:\/\/aaronkonsult.com\/wp-content\/uploads\/2012\/09\/DSCN5069.jpg\" data-id=\"580\" class=\"wp-image-580\" srcset=\"https:\/\/aaronkonsult.com\/wp-content\/uploads\/2012\/09\/DSCN5069.jpg 1024w, https:\/\/aaronkonsult.com\/wp-content\/uploads\/2012\/09\/DSCN5069-300x225.jpg 300w\" sizes=\"(max-width: 1024px) 100vw, 1024px\" \/><\/div><div class=\"kadence-blocks-gallery-item__caption\">Kanali 2c korterelamu<\/div><\/div><\/a><\/figure><\/div><\/li><\/ul><\/div>","protected":false},"excerpt":{"rendered":"","protected":false},"author":2,"featured_media":0,"parent":0,"menu_order":0,"comment_status":"open","ping_status":"open","template":"","meta":{"rank_math_lock_modified_date":false,"_kad_post_transparent":"","_kad_post_title":"","_kad_post_layout":"","_kad_post_sidebar_id":"","_kad_post_content_style":"","_kad_post_vertical_padding":"","_kad_post_feature":"","_kad_post_feature_position":"","_kad_post_header":false,"_kad_post_footer":false,"footnotes":""},"class_list":["post-423","page","type-page","status-publish","hentry"],"_links":{"self":[{"href":"https:\/\/aaronkonsult.com\/en\/wp-json\/wp\/v2\/pages\/423"}],"collection":[{"href":"https:\/\/aaronkonsult.com\/en\/wp-json\/wp\/v2\/pages"}],"about":[{"href":"https:\/\/aaronkonsult.com\/en\/wp-json\/wp\/v2\/types\/page"}],"author":[{"embeddable":true,"href":"https:\/\/aaronkonsult.com\/en\/wp-json\/wp\/v2\/users\/2"}],"replies":[{"embeddable":true,"href":"https:\/\/aaronkonsult.com\/en\/wp-json\/wp\/v2\/comments?post=423"}],"version-history":[{"count":3,"href":"https:\/\/aaronkonsult.com\/en\/wp-json\/wp\/v2\/pages\/423\/revisions"}],"predecessor-version":[{"id":773,"href":"https:\/\/aaronkonsult.com\/en\/wp-json\/wp\/v2\/pages\/423\/revisions\/773"}],"wp:attachment":[{"href":"https:\/\/aaronkonsult.com\/en\/wp-json\/wp\/v2\/media?parent=423"}],"curies":[{"name":"wp","href":"https:\/\/api.w.org\/{rel}","templated":true}]}}