{"id":431,"date":"2012-10-07T10:26:51","date_gmt":"2012-10-07T08:26:51","guid":{"rendered":"http:\/\/aaronkonsult.com\/?page_id=431"},"modified":"2020-10-14T08:22:51","modified_gmt":"2020-10-14T05:22:51","slug":"useful-advice","status":"publish","type":"page","link":"https:\/\/aaronkonsult.com\/en\/useful-advice\/","title":{"rendered":"Useful advice"},"content":{"rendered":"<p>A building must be designed and constructed according to the principles of <strong>good construction<\/strong> <strong>practices<\/strong> and in line with the <strong>legislation<\/strong> regulating construction projects, without creating a risk to human life, health, property or the environment.<\/p>\n<p>We recommend you examine:<\/p>\n<p><strong>Laws and regulations:<\/strong><\/p>\n<ul>\n<li><a href=\"http:\/\/www.evs.ee\/\" target=\"_blank\" rel=\"noopener\">Eesti Standardikeskus<\/a><\/li>\n<li><a href=\"https:\/\/www.riigiteataja.ee\/ert\/ert.jsp?link=\" target=\"_blank\" rel=\"noopener\">Elektrooniline Riigi Teataja<\/a><\/li>\n<li><a href=\"https:\/\/www.riigiteataja.ee\/akt\/123032015003\" target=\"_blank\" rel=\"noopener noreferrer\">Ehitusseadustiku ja planeerimisseaduse rakendamise seadus<\/a><\/li>\n<li><a href=\"https:\/\/www.mkm.ee\/et\/eesmargid-tegevused\/ehitus-ja-elamumajandus\/parim-praktika\" target=\"_blank\" rel=\"noopener\">Ehitusseadustiku parim praktika <\/a><\/li>\n<li><a href=\"https:\/\/www.riigiteataja.ee\/akt\/105032015001?leiaKehtiv\" target=\"_blank\" rel=\"noopener\">Ehitusseadustik<\/a><\/li>\n<li><a href=\"https:\/\/www.riigiteataja.ee\/akt\/13328816\" target=\"_blank\" rel=\"noopener\">Ehitusseadus<\/a><\/li>\n<li><a href=\"https:\/\/www.riigiteataja.ee\/akt\/128012011002\" target=\"_blank\" rel=\"noopener\">Omanikuj\u00e4relevalve tegemise kord<\/a><\/li>\n<li><a href=\"https:\/\/www.riigiteataja.ee\/akt\/13359325\" target=\"_blank\" rel=\"noopener\">N\u00f5uded ehitusprojektile<\/a><\/li>\n<li><a href=\"https:\/\/www.riigiteataja.ee\/akt\/234188\" target=\"_blank\" rel=\"noopener\">Eri liiki ehitiste ehitamise tehnilistele dokumentidele esitatavad n\u00f5uded<\/a><\/li>\n<li><a href=\"https:\/\/www.riigiteataja.ee\/akt\/13335396\" target=\"_blank\" rel=\"noopener\">Muinsuskaitseseadus<\/a><\/li>\n<li><a href=\"https:\/\/www.riigiteataja.ee\/akt\/778051?leiaKehtiv\" target=\"_blank\" rel=\"noopener\">Muinsuskaitselise j\u00e4relevalve kord ning ehitus- ja muu t\u00f6\u00f6 dokumenteerimise kord<\/a><\/li>\n<li><a href=\"https:\/\/www.mkm.ee\/et\/eesmargid-tegevused\/ehitus-ja-elamumajandus\/ehitus\" target=\"_blank\" rel=\"noopener\">Majandus \u2013 ja Kommunikatsiooniminsiteerium &#8211; Ehitus<\/a><\/li>\n<\/ul>\n<p><strong>Registrid:<\/strong><\/p>\n<ul>\n<li><a href=\"http:\/\/www.krediidiinfo.ee\/\" target=\"_blank\" rel=\"noopener\">Krediidiinfo<\/a><\/li>\n<li><a href=\"http:\/\/www.ehr.ee\/\" target=\"_blank\" rel=\"noopener\">Ehitisregister<\/a><\/li>\n<li><a href=\"https:\/\/ariregister.rik.ee\/\" target=\"_blank\" rel=\"noopener\">\u00c4riregistri teabes\u00fcsteem<\/a><\/li>\n<li><a href=\"http:\/\/mtr.mkm.ee\/\" target=\"_blank\" rel=\"noopener\">Majandustegevuse Register<\/a><\/li>\n<\/ul>\n<p><strong>Liidud:<\/strong><\/p>\n<ul>\n<li><a href=\"http:\/\/www.eeel.ee\/\" target=\"_blank\" rel=\"noopener\">Ehitusettev\u00f5tjate Liit<\/a><\/li>\n<li><a href=\"http:\/\/www.ehitusinsener.ee\/\" target=\"_blank\" rel=\"noopener\">Eesti Ehitusinseneride Liit<\/a><\/li>\n<\/ul>\n","protected":false},"excerpt":{"rendered":"<p>A building must be designed and constructed according to the principles of good construction practices and in line with the legislation regulating construction projects, without creating a risk to human life, health, property or the environment. We recommend you examine: Laws and regulations: Eesti Standardikeskus Elektrooniline Riigi Teataja Ehitusseadustiku ja planeerimisseaduse rakendamise seadus Ehitusseadustiku parim&#8230;<\/p>\n","protected":false},"author":2,"featured_media":0,"parent":0,"menu_order":0,"comment_status":"open","ping_status":"open","template":"","meta":{"rank_math_lock_modified_date":false,"_kad_post_transparent":"","_kad_post_title":"","_kad_post_layout":"","_kad_post_sidebar_id":"","_kad_post_content_style":"","_kad_post_vertical_padding":"","_kad_post_feature":"","_kad_post_feature_position":"","_kad_post_header":false,"_kad_post_footer":false,"footnotes":""},"class_list":["post-431","page","type-page","status-publish","hentry"],"_links":{"self":[{"href":"https:\/\/aaronkonsult.com\/en\/wp-json\/wp\/v2\/pages\/431"}],"collection":[{"href":"https:\/\/aaronkonsult.com\/en\/wp-json\/wp\/v2\/pages"}],"about":[{"href":"https:\/\/aaronkonsult.com\/en\/wp-json\/wp\/v2\/types\/page"}],"author":[{"embeddable":true,"href":"https:\/\/aaronkonsult.com\/en\/wp-json\/wp\/v2\/users\/2"}],"replies":[{"embeddable":true,"href":"https:\/\/aaronkonsult.com\/en\/wp-json\/wp\/v2\/comments?post=431"}],"version-history":[{"count":6,"href":"https:\/\/aaronkonsult.com\/en\/wp-json\/wp\/v2\/pages\/431\/revisions"}],"predecessor-version":[{"id":817,"href":"https:\/\/aaronkonsult.com\/en\/wp-json\/wp\/v2\/pages\/431\/revisions\/817"}],"wp:attachment":[{"href":"https:\/\/aaronkonsult.com\/en\/wp-json\/wp\/v2\/media?parent=431"}],"curies":[{"name":"wp","href":"https:\/\/api.w.org\/{rel}","templated":true}]}}